{"id":3181,"date":"2019-10-19T19:15:20","date_gmt":"2019-10-19T16:15:20","guid":{"rendered":"https:\/\/bahardental.com.tr\/laboratuvar\/"},"modified":"2022-07-13T02:11:09","modified_gmt":"2022-07-12T23:11:09","slug":"laboratoire","status":"publish","type":"page","link":"https:\/\/bahardental.com\/fr\/laboratoire\/","title":{"rendered":"Laboratoire"},"content":{"rendered":"<p>[vc_row][vc_column]<style type=\"text\/css\" data-type=\"the7_shortcodes-inline-css\">.blog-shortcode.blog-masonry-shortcode-id-7ead4b0c095a83bf85cdaaf6247da5bd.dividers-on.classic-layout-list article {\n  padding-top: 0;\n}\n.blog-shortcode.blog-masonry-shortcode-id-7ead4b0c095a83bf85cdaaf6247da5bd.dividers-on.classic-layout-list article:first-of-type {\n  margin-top: 0;\n  padding-top: 0;\n}\n.blog-shortcode.blog-masonry-shortcode-id-7ead4b0c095a83bf85cdaaf6247da5bd.classic-layout-list.mode-list .post-entry-content {\n  width: calc(100% - );\n}\n.blog-shortcode.blog-masonry-shortcode-id-7ead4b0c095a83bf85cdaaf6247da5bd.classic-layout-list.mode-list .no-img .post-entry-content {\n  width: 100%;\n}\n.blog-shortcode.blog-masonry-shortcode-id-7ead4b0c095a83bf85cdaaf6247da5bd .filter-bg-decoration .filter-categories a.act {\n  color: #fff;\n}\n.blog-shortcode.blog-masonry-shortcode-id-7ead4b0c095a83bf85cdaaf6247da5bd:not(.mode-masonry) article:first-of-type,\n.blog-shortcode.blog-masonry-shortcode-id-7ead4b0c095a83bf85cdaaf6247da5bd:not(.mode-masonry) article.visible.first:not(.product) {\n  margin-top: 0;\n}\n.blog-shortcode.blog-masonry-shortcode-id-7ead4b0c095a83bf85cdaaf6247da5bd.dividers-on:not(.mode-masonry) article {\n  margin-top: 0;\n}\n.blog-shortcode.blog-masonry-shortcode-id-7ead4b0c095a83bf85cdaaf6247da5bd.dividers-on:not(.mode-masonry) article:first-of-type,\n.blog-shortcode.blog-masonry-shortcode-id-7ead4b0c095a83bf85cdaaf6247da5bd.dividers-on:not(.mode-masonry) article.visible.first:not(.product) {\n  margin-top: 0;\n  padding-top: 0;\n}\n.blog-shortcode.blog-masonry-shortcode-id-7ead4b0c095a83bf85cdaaf6247da5bd .post-thumbnail-wrap {\n  padding: 0px 0px 0px 0px;\n}\n.blog-shortcode.blog-masonry-shortcode-id-7ead4b0c095a83bf85cdaaf6247da5bd.enable-bg-rollover .post-thumbnail-rollover:after {\n  background: -webkit-linear-gradient();\n  background: linear-gradient();\n}\n.blog-shortcode.blog-masonry-shortcode-id-7ead4b0c095a83bf85cdaaf6247da5bd .gallery-zoom-ico {\n  width: 44px;\n  height: 44px;\n  line-height: 44px;\n  border-radius: 100px;\n  margin: -22px 0 0 -22px;\n  border-width: 0px;\n  color: #ffffff;\n}\n.bottom-overlap-layout-list.blog-shortcode.blog-masonry-shortcode-id-7ead4b0c095a83bf85cdaaf6247da5bd .gallery-zoom-ico {\n  margin-top: -72px;\n}\n.gradient-overlay-layout-list.blog-shortcode.blog-masonry-shortcode-id-7ead4b0c095a83bf85cdaaf6247da5bd .gallery-zoom-ico,\n.content-rollover-layout-list.blog-shortcode.blog-masonry-shortcode-id-7ead4b0c095a83bf85cdaaf6247da5bd .gallery-zoom-ico {\n  margin: 0 0 10px;\n}\n.content-align-center.gradient-overlay-layout-list.blog-shortcode.blog-masonry-shortcode-id-7ead4b0c095a83bf85cdaaf6247da5bd .gallery-zoom-ico,\n.content-align-center.content-rollover-layout-list.blog-shortcode.blog-masonry-shortcode-id-7ead4b0c095a83bf85cdaaf6247da5bd .gallery-zoom-ico {\n  margin: 0 auto 10px;\n}\n.dt-icon-bg-on.blog-shortcode.blog-masonry-shortcode-id-7ead4b0c095a83bf85cdaaf6247da5bd .gallery-zoom-ico {\n  background: rgba(255,255,255,0.3);\n  box-shadow: none;\n}\n.blog-shortcode.blog-masonry-shortcode-id-7ead4b0c095a83bf85cdaaf6247da5bd .gallery-zoom-ico > span,\n.blog-shortcode.blog-masonry-shortcode-id-7ead4b0c095a83bf85cdaaf6247da5bd .gallery-zoom-ico:before {\n  font-size: 15px;\n  line-height: 44px;\n}\n.blog-shortcode.blog-masonry-shortcode-id-7ead4b0c095a83bf85cdaaf6247da5bd .gallery-zoom-ico > span,\n.blog-shortcode.blog-masonry-shortcode-id-7ead4b0c095a83bf85cdaaf6247da5bd .gallery-zoom-ico:before {\n  color: #ffffff;\n}\n.blog-shortcode.blog-masonry-shortcode-id-7ead4b0c095a83bf85cdaaf6247da5bd .entry-title,\n.blog-shortcode.blog-masonry-shortcode-id-7ead4b0c095a83bf85cdaaf6247da5bd.owl-carousel .entry-title {\n  margin-bottom: 5px;\n  font-size: 14px;\n  line-height: 16px;\n  text-transform: uppercase;\n}\n.blog-shortcode.blog-masonry-shortcode-id-7ead4b0c095a83bf85cdaaf6247da5bd .entry-title a,\n.blog-shortcode.blog-masonry-shortcode-id-7ead4b0c095a83bf85cdaaf6247da5bd.owl-carousel .entry-title a {\n  color: #0074c5;\n}\n.blog-shortcode.blog-masonry-shortcode-id-7ead4b0c095a83bf85cdaaf6247da5bd .entry-meta {\n  margin-bottom: 0px;\n}\n.blog-shortcode.blog-masonry-shortcode-id-7ead4b0c095a83bf85cdaaf6247da5bd .portfolio-categories {\n  margin-bottom: 0px;\n}\n.blog-shortcode.blog-masonry-shortcode-id-7ead4b0c095a83bf85cdaaf6247da5bd .entry-excerpt {\n  margin-bottom: 5px;\n  font-size: 12px;\n  line-height: 14px;\n}\n.blog-shortcode.blog-masonry-shortcode-id-7ead4b0c095a83bf85cdaaf6247da5bd:not(.centered-layout-list) .post-entry-content {\n  padding: 15px 15px 15px 15px;\n}\n.blog-shortcode.blog-masonry-shortcode-id-7ead4b0c095a83bf85cdaaf6247da5bd:not(.centered-layout-list):not(.content-bg-on):not(.mode-list) .no-img .post-entry-content {\n  padding: 0;\n}\n.blog-shortcode.blog-masonry-shortcode-id-7ead4b0c095a83bf85cdaaf6247da5bd .post-details.details-type-link,\n.blog-shortcode.blog-masonry-shortcode-id-7ead4b0c095a83bf85cdaaf6247da5bd .post-details.details-type-link * {\n  color: #0074c5;\n}\n@media screen and (max-width: ) {\n  .blog-shortcode.blog-masonry-shortcode-id-7ead4b0c095a83bf85cdaaf6247da5bd article {\n    -ms-flex-flow: column nowrap;\n    flex-flow: column nowrap;\n    margin-top: 20px;\n  }\n  .blog-shortcode.blog-masonry-shortcode-id-7ead4b0c095a83bf85cdaaf6247da5bd.dividers-on article {\n    border: none;\n  }\n  .blog-shortcode.blog-masonry-shortcode-id-7ead4b0c095a83bf85cdaaf6247da5bd.content-bg-on.centered-layout-list article {\n    padding: 0;\n  }\n  .blog-shortcode.blog-masonry-shortcode-id-7ead4b0c095a83bf85cdaaf6247da5bd.blog-shortcode.dividers-on article,\n  .blog-shortcode.blog-masonry-shortcode-id-7ead4b0c095a83bf85cdaaf6247da5bd.dividers-on.classic-layout-list article {\n    margin-top: 20px;\n    padding: 0;\n  }\n  .blog-shortcode.blog-masonry-shortcode-id-7ead4b0c095a83bf85cdaaf6247da5bd.blog-shortcode.dividers-on article:first-of-type,\n  .blog-shortcode.blog-masonry-shortcode-id-7ead4b0c095a83bf85cdaaf6247da5bd.dividers-on.classic-layout-list article:first-of-type {\n    padding: 0;\n  }\n  #page .blog-shortcode.blog-masonry-shortcode-id-7ead4b0c095a83bf85cdaaf6247da5bd .post-thumbnail-wrap,\n  #page .blog-shortcode.blog-masonry-shortcode-id-7ead4b0c095a83bf85cdaaf6247da5bd .post-entry-content {\n    width: 100%;\n    margin: 0;\n    top: 0;\n  }\n  #page .blog-shortcode.blog-masonry-shortcode-id-7ead4b0c095a83bf85cdaaf6247da5bd .post-thumbnail-wrap {\n    padding: 0;\n  }\n  #page .blog-shortcode.blog-masonry-shortcode-id-7ead4b0c095a83bf85cdaaf6247da5bd .post-entry-content:after {\n    display: none;\n  }\n  #page .blog-shortcode.blog-masonry-shortcode-id-7ead4b0c095a83bf85cdaaf6247da5bd .project-even .post-thumbnail-wrap,\n  #page .blog-shortcode.blog-masonry-shortcode-id-7ead4b0c095a83bf85cdaaf6247da5bd.centered-layout-list .post-thumbnail-wrap {\n    -ms-flex-order: 0;\n    order: 0;\n  }\n  #page .blog-shortcode.blog-masonry-shortcode-id-7ead4b0c095a83bf85cdaaf6247da5bd.centered-layout-list .post-entry-title-content {\n    -ms-flex-order: 1;\n    order: 1;\n    width: 100%;\n    padding: 20px 20px 0;\n  }\n  #page .blog-shortcode.blog-masonry-shortcode-id-7ead4b0c095a83bf85cdaaf6247da5bd.centered-layout-list .post-entry-content {\n    -ms-flex-order: 2;\n    order: 2;\n    padding-top: 0;\n  }\n  #page .blog-shortcode.blog-masonry-shortcode-id-7ead4b0c095a83bf85cdaaf6247da5bd .fancy-categories {\n    top: 10px;\n    left: 10px;\n    bottom: auto;\n    right: auto;\n  }\n  #page .blog-shortcode.blog-masonry-shortcode-id-7ead4b0c095a83bf85cdaaf6247da5bd .fancy-date a {\n    top: 10px;\n    right: 10px;\n    left: auto;\n    bottom: auto;\n  }\n  #page .blog-shortcode.blog-masonry-shortcode-id-7ead4b0c095a83bf85cdaaf6247da5bd .post-entry-content {\n    padding: 20px;\n  }\n  #page .blog-shortcode.blog-masonry-shortcode-id-7ead4b0c095a83bf85cdaaf6247da5bd .entry-title {\n    margin: 3px 0 5px;\n    font-size: 20px;\n    font-size: 14px;\n    line-height: 26px;\n    line-height: 16px;\n  }\n  #page .blog-shortcode.blog-masonry-shortcode-id-7ead4b0c095a83bf85cdaaf6247da5bd .entry-meta {\n    margin: 5px 0 5px;\n  }\n  #page .blog-shortcode.blog-masonry-shortcode-id-7ead4b0c095a83bf85cdaaf6247da5bd .entry-excerpt {\n    margin: 15px 0 0;\n  }\n  #page .blog-shortcode.blog-masonry-shortcode-id-7ead4b0c095a83bf85cdaaf6247da5bd .post-details {\n    margin: 5px 0 10px;\n  }\n  #page .blog-shortcode.blog-masonry-shortcode-id-7ead4b0c095a83bf85cdaaf6247da5bd .post-details.details-type-link {\n    margin-bottom: 2px;\n  }\n}\n.blog-shortcode.blog-masonry-shortcode-id-7ead4b0c095a83bf85cdaaf6247da5bd:not(.resize-by-browser-width) .dt-css-grid {\n  grid-row-gap: 20px;\n  grid-column-gap: 20px;\n  grid-template-columns: repeat(auto-fill,minmax(,1fr));\n}\n.blog-shortcode.blog-masonry-shortcode-id-7ead4b0c095a83bf85cdaaf6247da5bd:not(.resize-by-browser-width) .dt-css-grid .double-width {\n  grid-column: span 2;\n}\n.cssgridlegacy.no-cssgrid .blog-shortcode.blog-masonry-shortcode-id-7ead4b0c095a83bf85cdaaf6247da5bd:not(.resize-by-browser-width) .dt-css-grid,\n.no-cssgridlegacy.no-cssgrid .blog-shortcode.blog-masonry-shortcode-id-7ead4b0c095a83bf85cdaaf6247da5bd:not(.resize-by-browser-width) .dt-css-grid {\n  display: flex;\n  flex-flow: row wrap;\n  margin: -10px;\n}\n.cssgridlegacy.no-cssgrid .blog-shortcode.blog-masonry-shortcode-id-7ead4b0c095a83bf85cdaaf6247da5bd:not(.resize-by-browser-width) .dt-css-grid .wf-cell,\n.no-cssgridlegacy.no-cssgrid .blog-shortcode.blog-masonry-shortcode-id-7ead4b0c095a83bf85cdaaf6247da5bd:not(.resize-by-browser-width) .dt-css-grid .wf-cell {\n  flex: 1 0 ;\n  max-width: 100%;\n  padding: 10px;\n  box-sizing: border-box;\n}\n.blog-shortcode.blog-masonry-shortcode-id-7ead4b0c095a83bf85cdaaf6247da5bd.resize-by-browser-width .dt-css-grid {\n  grid-template-columns: repeat(3,1fr);\n  grid-template-rows: auto;\n  grid-column-gap: 20px;\n  grid-row-gap: 20px;\n}\n.blog-shortcode.blog-masonry-shortcode-id-7ead4b0c095a83bf85cdaaf6247da5bd.resize-by-browser-width .dt-css-grid .double-width {\n  grid-column: span 2;\n}\n.cssgridlegacy.no-cssgrid .blog-shortcode.blog-masonry-shortcode-id-7ead4b0c095a83bf85cdaaf6247da5bd.resize-by-browser-width .dt-css-grid {\n  margin: -10px;\n}\n.cssgridlegacy.no-cssgrid .blog-shortcode.blog-masonry-shortcode-id-7ead4b0c095a83bf85cdaaf6247da5bd.resize-by-browser-width .dt-css-grid .wf-cell {\n  width: 33.333333333333%;\n  padding: 10px;\n}\n.cssgridlegacy.no-cssgrid .blog-shortcode.blog-masonry-shortcode-id-7ead4b0c095a83bf85cdaaf6247da5bd.resize-by-browser-width .dt-css-grid .wf-cell.double-width {\n  width: calc(33.333333333333%) * 2;\n}\n.blog-shortcode.blog-masonry-shortcode-id-7ead4b0c095a83bf85cdaaf6247da5bd.resize-by-browser-width:not(.centered-layout-list):not(.content-bg-on) .dt-css-grid {\n  grid-row-gap: 5px;\n}\n@media screen and (max-width: 1199px) {\n  .blog-shortcode.blog-masonry-shortcode-id-7ead4b0c095a83bf85cdaaf6247da5bd.resize-by-browser-width .dt-css-grid {\n    grid-template-columns: repeat(3,1fr);\n  }\n  .cssgridlegacy.no-cssgrid .blog-shortcode.blog-masonry-shortcode-id-7ead4b0c095a83bf85cdaaf6247da5bd.resize-by-browser-width .dt-css-grid .wf-cell,\n  .no-cssgridlegacy.no-cssgrid .blog-shortcode.blog-masonry-shortcode-id-7ead4b0c095a83bf85cdaaf6247da5bd.resize-by-browser-width .dt-css-grid .wf-cell {\n    width: 33.333333333333%;\n  }\n  .cssgridlegacy.no-cssgrid .blog-shortcode.blog-masonry-shortcode-id-7ead4b0c095a83bf85cdaaf6247da5bd.resize-by-browser-width .dt-css-grid .wf-cell.double-width,\n  .no-cssgridlegacy.no-cssgrid .blog-shortcode.blog-masonry-shortcode-id-7ead4b0c095a83bf85cdaaf6247da5bd.resize-by-browser-width .dt-css-grid .wf-cell.double-width {\n    width: calc(33.333333333333%)*2;\n  }\n}\n@media screen and (max-width: 991px) {\n  .blog-shortcode.blog-masonry-shortcode-id-7ead4b0c095a83bf85cdaaf6247da5bd.resize-by-browser-width .dt-css-grid {\n    grid-template-columns: repeat(2,1fr);\n  }\n  .cssgridlegacy.no-cssgrid .blog-shortcode.blog-masonry-shortcode-id-7ead4b0c095a83bf85cdaaf6247da5bd.resize-by-browser-width .dt-css-grid .wf-cell,\n  .no-cssgridlegacy.no-cssgrid .blog-shortcode.blog-masonry-shortcode-id-7ead4b0c095a83bf85cdaaf6247da5bd.resize-by-browser-width .dt-css-grid .wf-cell {\n    width: 50%;\n  }\n  .cssgridlegacy.no-cssgrid .blog-shortcode.blog-masonry-shortcode-id-7ead4b0c095a83bf85cdaaf6247da5bd.resize-by-browser-width .dt-css-grid .wf-cell.double-width,\n  .no-cssgridlegacy.no-cssgrid .blog-shortcode.blog-masonry-shortcode-id-7ead4b0c095a83bf85cdaaf6247da5bd.resize-by-browser-width .dt-css-grid .wf-cell.double-width {\n    width: calc(50%)*2;\n  }\n}\n@media screen and (max-width: 767px) {\n  .blog-shortcode.blog-masonry-shortcode-id-7ead4b0c095a83bf85cdaaf6247da5bd.resize-by-browser-width .dt-css-grid {\n    grid-template-columns: repeat(1,1fr);\n  }\n  .blog-shortcode.blog-masonry-shortcode-id-7ead4b0c095a83bf85cdaaf6247da5bd.resize-by-browser-width .dt-css-grid .double-width {\n    grid-column: span 1;\n  }\n  .cssgridlegacy.no-cssgrid .blog-shortcode.blog-masonry-shortcode-id-7ead4b0c095a83bf85cdaaf6247da5bd.resize-by-browser-width .dt-css-grid .wf-cell,\n  .no-cssgridlegacy.no-cssgrid .blog-shortcode.blog-masonry-shortcode-id-7ead4b0c095a83bf85cdaaf6247da5bd.resize-by-browser-width .dt-css-grid .wf-cell {\n    width: 100%;\n  }\n  .cssgridlegacy.no-cssgrid .blog-shortcode.blog-masonry-shortcode-id-7ead4b0c095a83bf85cdaaf6247da5bd.resize-by-browser-width .dt-css-grid .wf-cell.double-width,\n  .no-cssgridlegacy.no-cssgrid .blog-shortcode.blog-masonry-shortcode-id-7ead4b0c095a83bf85cdaaf6247da5bd.resize-by-browser-width .dt-css-grid .wf-cell.double-width {\n    width: calc(100%)*2;\n  }\n}\n<\/style><div class=\"blog-shortcode blog-masonry-shortcode-id-7ead4b0c095a83bf85cdaaf6247da5bd mode-grid classic-layout-list jquery-filter scale-img meta-info-off dt-css-grid-wrap dt-icon-bg-off resize-by-browser-width loading-effect-none description-under-image \" data-padding=\"10px\" data-cur-page=\"1\" data-post-limit=\"-1\" data-pagination-mode=\"none\" data-desktop-columns-num=\"3\" data-v-tablet-columns-num=\"2\" data-h-tablet-columns-num=\"3\" data-phone-columns-num=\"1\" data-width=\"0px\" data-columns=\"0\"><div class=\"dt-css-grid\" ><div class=\"visible wf-cell\" data-post-id=\"3327\" data-date=\"2019-10-31T16:31:22+03:00\" data-name=\"Syst\u00e8me de Code \u00e0 Barres\"><article class=\"post project-odd visible post-3327 type-post status-publish format-standard has-post-thumbnail hentry category-laboratoire category-42\" data-name=\"Syst\u00e8me de Code \u00e0 Barres\" data-date=\"2019-10-31T16:31:22+03:00\">\n\n<div class=\"post-thumbnail-wrap\">\n\t<div class=\"post-thumbnail\">\n\t\t\n\t\t\n\t\t<a href=\"https:\/\/bahardental.com\/fr\/systeme-de-code-a-barres\/\" class=\"post-thumbnail-rollover layzr-bg layzr-bg\" ><img class=\"iso-lazy-load preload-me iso-lazy-load\" src=\"data:image\/svg+xml,%3Csvg%20xmlns%3D&#39;http%3A%2F%2Fwww.w3.org%2F2000%2Fsvg&#39;%20viewBox%3D&#39;0%200%20768%20460&#39;%2F%3E\" data-src=\"https:\/\/bahardental.com\/wp-content\/uploads\/1-barkodlama-bolumu-bahar-dental-768x460.webp\" data-srcset=\"https:\/\/bahardental.com\/wp-content\/uploads\/1-barkodlama-bolumu-bahar-dental-768x460.webp 768w, https:\/\/bahardental.com\/wp-content\/uploads\/1-barkodlama-bolumu-bahar-dental-1126x675.webp 1126w\" alt=\"\" title=\"Bahar Dental Di\u015f Laboratuvar\u0131\" width=\"768\" height=\"460\"  \/><span class=\"gallery-zoom-ico icomoon-the7-font-the7-link-03\"><span><\/span><\/span><\/a>\t<\/div>\n<\/div>\n\n\n<div class=\"post-entry-content\">\n\n\t<h3 class=\"entry-title\">\n\t\t<a href=\"https:\/\/bahardental.com\/fr\/systeme-de-code-a-barres\/\" title=\"Syst\u00e8me de Code \u00e0 Barres\" rel=\"bookmark\">Syst\u00e8me de Code \u00e0 Barres<\/a>\n\t<\/h3>\n\n\t\n\t<div class=\"entry-excerpt\"><p>[vc_row][vc_column][vc_column_text css=\u00a0\u00bb.vc_custom_1602048962719{margin-bottom: 10px !important;}\u00a0\u00bb]Les commandes re\u00e7ues par notre laboratoire sont d&rsquo;abord enregistr\u00e9es dans le syst\u00e8me\u2026<\/p>\n<\/div>\n\t\n<\/div><\/article><\/div><div class=\"visible wf-cell\" data-post-id=\"3326\" data-date=\"2019-10-31T16:22:44+03:00\" data-name=\"\u00c9quipement de Machinerie\"><article class=\"post project-odd visible post-3326 type-post status-publish format-standard has-post-thumbnail hentry category-laboratoire category-42\" data-name=\"\u00c9quipement de Machinerie\" data-date=\"2019-10-31T16:22:44+03:00\">\n\n<div class=\"post-thumbnail-wrap\">\n\t<div class=\"post-thumbnail\">\n\t\t\n\t\t\n\t\t<a href=\"https:\/\/bahardental.com\/fr\/equipement-de-machinerie\/\" class=\"post-thumbnail-rollover layzr-bg layzr-bg\" ><img class=\"iso-lazy-load preload-me iso-lazy-load\" src=\"data:image\/svg+xml,%3Csvg%20xmlns%3D&#39;http%3A%2F%2Fwww.w3.org%2F2000%2Fsvg&#39;%20viewBox%3D&#39;0%200%20768%20460&#39;%2F%3E\" data-src=\"https:\/\/bahardental.com\/wp-content\/uploads\/dis-dokum-makineleri-turkiye-768x460.webp\" data-srcset=\"https:\/\/bahardental.com\/wp-content\/uploads\/dis-dokum-makineleri-turkiye-768x460.webp 768w, https:\/\/bahardental.com\/wp-content\/uploads\/dis-dokum-makineleri-turkiye-1128x676.webp 1128w\" alt=\"\" title=\"Bahar Dental Makine Ekipmanlari\" width=\"768\" height=\"460\"  \/><span class=\"gallery-zoom-ico icomoon-the7-font-the7-link-03\"><span><\/span><\/span><\/a>\t<\/div>\n<\/div>\n\n\n<div class=\"post-entry-content\">\n\n\t<h3 class=\"entry-title\">\n\t\t<a href=\"https:\/\/bahardental.com\/fr\/equipement-de-machinerie\/\" title=\"\u00c9quipement de Machinerie\" rel=\"bookmark\">\u00c9quipement de Machinerie<\/a>\n\t<\/h3>\n\n\t\n\t<div class=\"entry-excerpt\"><p>[vc_row][vc_column][vc_column_text css=\u00a0\u00bb.vc_custom_1602049036446{margin-bottom: 10px !important;}\u00a0\u00bb] Machines Proth\u00e9tiques Dentaires Enti\u00e8rement Professionnelles Conform\u00e9ment au principe de croissance en\u2026<\/p>\n<\/div>\n\t\n<\/div><\/article><\/div><div class=\"visible wf-cell\" data-post-id=\"3325\" data-date=\"2019-10-31T16:21:55+03:00\" data-name=\"D\u00e9partement De Proth\u00e9se\"><article class=\"post project-odd visible post-3325 type-post status-publish format-standard has-post-thumbnail hentry category-laboratoire category-42\" data-name=\"D\u00e9partement De Proth\u00e9se\" data-date=\"2019-10-31T16:21:55+03:00\">\n\n<div class=\"post-thumbnail-wrap\">\n\t<div class=\"post-thumbnail\">\n\t\t\n\t\t\n\t\t<a href=\"https:\/\/bahardental.com\/fr\/departement-de-prothese\/\" class=\"post-thumbnail-rollover layzr-bg layzr-bg\" ><img class=\"iso-lazy-load preload-me iso-lazy-load\" src=\"data:image\/svg+xml,%3Csvg%20xmlns%3D&#39;http%3A%2F%2Fwww.w3.org%2F2000%2Fsvg&#39;%20viewBox%3D&#39;0%200%20768%20460&#39;%2F%3E\" data-src=\"https:\/\/bahardental.com\/wp-content\/uploads\/protez-bolumu-9-768x460.webp\" data-srcset=\"https:\/\/bahardental.com\/wp-content\/uploads\/protez-bolumu-9-768x460.webp 768w, https:\/\/bahardental.com\/wp-content\/uploads\/protez-bolumu-9-1126x675.webp 1126w\" alt=\"\" title=\"Bahar Dental Di\u015f Laboratuvar\u0131\" width=\"768\" height=\"460\"  \/><span class=\"gallery-zoom-ico icomoon-the7-font-the7-link-03\"><span><\/span><\/span><\/a>\t<\/div>\n<\/div>\n\n\n<div class=\"post-entry-content\">\n\n\t<h3 class=\"entry-title\">\n\t\t<a href=\"https:\/\/bahardental.com\/fr\/departement-de-prothese\/\" title=\"D\u00e9partement De Proth\u00e9se\" rel=\"bookmark\">D\u00e9partement De Proth\u00e9se<\/a>\n\t<\/h3>\n\n\t\n\t<div class=\"entry-excerpt\"><p>[vc_row][vc_column][vc_column_text css=\u00a0\u00bb.vc_custom_1602049153785{margin-bottom: 10px !important;}\u00a0\u00bb] D\u00c9PARTEMENT DE PROTH\u00c8SE Dans le d\u00e9partement mobile, des proth\u00e8ses squelettiques, hybrides,\u2026<\/p>\n<\/div>\n\t\n<\/div><\/article><\/div><div class=\"visible wf-cell\" data-post-id=\"3324\" data-date=\"2019-10-31T16:21:16+03:00\" data-name=\"D\u00e9partement Porcelaine\"><article class=\"post project-odd visible post-3324 type-post status-publish format-standard has-post-thumbnail hentry category-laboratoire category-42\" data-name=\"D\u00e9partement Porcelaine\" data-date=\"2019-10-31T16:21:16+03:00\">\n\n<div class=\"post-thumbnail-wrap\">\n\t<div class=\"post-thumbnail\">\n\t\t\n\t\t\n\t\t<a href=\"https:\/\/bahardental.com\/fr\/departement-porcelaine\/\" class=\"post-thumbnail-rollover layzr-bg layzr-bg\" ><img class=\"iso-lazy-load preload-me iso-lazy-load\" src=\"data:image\/svg+xml,%3Csvg%20xmlns%3D&#39;http%3A%2F%2Fwww.w3.org%2F2000%2Fsvg&#39;%20viewBox%3D&#39;0%200%20768%20460&#39;%2F%3E\" data-src=\"https:\/\/bahardental.com\/wp-content\/uploads\/porselen-bolumu-17-768x460.webp\" data-srcset=\"https:\/\/bahardental.com\/wp-content\/uploads\/porselen-bolumu-17-768x460.webp 768w, https:\/\/bahardental.com\/wp-content\/uploads\/porselen-bolumu-17-1126x675.webp 1126w\" alt=\"\" title=\"Bahar Dental Di\u015f Laboratuvar\u0131\" width=\"768\" height=\"460\"  \/><span class=\"gallery-zoom-ico icomoon-the7-font-the7-link-03\"><span><\/span><\/span><\/a>\t<\/div>\n<\/div>\n\n\n<div class=\"post-entry-content\">\n\n\t<h3 class=\"entry-title\">\n\t\t<a href=\"https:\/\/bahardental.com\/fr\/departement-porcelaine\/\" title=\"D\u00e9partement Porcelaine\" rel=\"bookmark\">D\u00e9partement Porcelaine<\/a>\n\t<\/h3>\n\n\t\n\t<div class=\"entry-excerpt\"><p>[vc_row][vc_column][vc_column_text css=\u00a0\u00bb.vc_custom_1602049622293{margin-bottom: 10px !important;}\u00a0\u00bb] D\u00c9PARTEMENT PORCELAINE La zone porcelaine, phase finale de la partie couronne-bridge.[\/vc_column_text][\/vc_column][\/vc_row]<\/p>\n<\/div>\n\t\n<\/div><\/article><\/div><div class=\"visible wf-cell\" data-post-id=\"3323\" data-date=\"2019-10-31T16:20:45+03:00\" data-name=\"D\u00e9partement Contr\u00f4le Qualit\u00e9\"><article class=\"post project-odd visible post-3323 type-post status-publish format-standard has-post-thumbnail hentry category-laboratoire category-42\" data-name=\"D\u00e9partement Contr\u00f4le Qualit\u00e9\" data-date=\"2019-10-31T16:20:45+03:00\">\n\n<div class=\"post-thumbnail-wrap\">\n\t<div class=\"post-thumbnail\">\n\t\t\n\t\t\n\t\t<a href=\"https:\/\/bahardental.com\/fr\/departement-controle-qualite\/\" class=\"post-thumbnail-rollover layzr-bg layzr-bg\" ><img class=\"iso-lazy-load preload-me iso-lazy-load\" src=\"data:image\/svg+xml,%3Csvg%20xmlns%3D&#39;http%3A%2F%2Fwww.w3.org%2F2000%2Fsvg&#39;%20viewBox%3D&#39;0%200%20768%20460&#39;%2F%3E\" data-src=\"https:\/\/bahardental.com\/wp-content\/uploads\/altyapi-kalite-kontrol-1-768x460.webp\" data-srcset=\"https:\/\/bahardental.com\/wp-content\/uploads\/altyapi-kalite-kontrol-1-768x460.webp 768w, https:\/\/bahardental.com\/wp-content\/uploads\/altyapi-kalite-kontrol-1-1126x675.webp 1126w\" alt=\"\" title=\"Bahar Dental Di\u015f Laboratuvar\u0131\" width=\"768\" height=\"460\"  \/><span class=\"gallery-zoom-ico icomoon-the7-font-the7-link-03\"><span><\/span><\/span><\/a>\t<\/div>\n<\/div>\n\n\n<div class=\"post-entry-content\">\n\n\t<h3 class=\"entry-title\">\n\t\t<a href=\"https:\/\/bahardental.com\/fr\/departement-controle-qualite\/\" title=\"D\u00e9partement Contr\u00f4le Qualit\u00e9\" rel=\"bookmark\">D\u00e9partement Contr\u00f4le Qualit\u00e9<\/a>\n\t<\/h3>\n\n\t\n\t<div class=\"entry-excerpt\"><p>[vc_row][vc_column][vc_column_text css=\u00a0\u00bb.vc_custom_1602049669564{margin-bottom: 10px !important;}\u00a0\u00bb] D\u00e9partement Contr\u00f4le Qualit\u00e9 Notre d\u00e9partement o\u00f9 s&rsquo;effectue l&rsquo;adaptation et l&rsquo;inspection finale\u2026<\/p>\n<\/div>\n\t\n<\/div><\/article><\/div><div class=\"visible wf-cell\" data-post-id=\"3322\" data-date=\"2019-10-31T16:19:56+03:00\" data-name=\"D\u00e9partement des Infrastructures\"><article class=\"post project-odd visible post-3322 type-post status-publish format-standard has-post-thumbnail hentry category-laboratoire category-42\" data-name=\"D\u00e9partement des Infrastructures\" data-date=\"2019-10-31T16:19:56+03:00\">\n\n<div class=\"post-thumbnail-wrap\">\n\t<div class=\"post-thumbnail\">\n\t\t\n\t\t\n\t\t<a href=\"https:\/\/bahardental.com\/fr\/departement-des-infrastructures\/\" class=\"post-thumbnail-rollover layzr-bg layzr-bg\" ><img class=\"iso-lazy-load preload-me iso-lazy-load\" src=\"data:image\/svg+xml,%3Csvg%20xmlns%3D&#39;http%3A%2F%2Fwww.w3.org%2F2000%2Fsvg&#39;%20viewBox%3D&#39;0%200%20768%20460&#39;%2F%3E\" data-src=\"https:\/\/bahardental.com\/wp-content\/uploads\/altyapi-dijital-bolum-6-768x460.webp\" data-srcset=\"https:\/\/bahardental.com\/wp-content\/uploads\/altyapi-dijital-bolum-6-768x460.webp 768w, https:\/\/bahardental.com\/wp-content\/uploads\/altyapi-dijital-bolum-6-1126x675.webp 1126w\" alt=\"\" title=\"Bahar Dental Di\u015f Laboratuvar\u0131\" width=\"768\" height=\"460\"  \/><span class=\"gallery-zoom-ico icomoon-the7-font-the7-link-03\"><span><\/span><\/span><\/a>\t<\/div>\n<\/div>\n\n\n<div class=\"post-entry-content\">\n\n\t<h3 class=\"entry-title\">\n\t\t<a href=\"https:\/\/bahardental.com\/fr\/departement-des-infrastructures\/\" title=\"D\u00e9partement des Infrastructures\" rel=\"bookmark\">D\u00e9partement des Infrastructures<\/a>\n\t<\/h3>\n\n\t\n\t<div class=\"entry-excerpt\"><p>[vc_row][vc_column][vc_column_text css=\u00a0\u00bb.vc_custom_1602049745903{margin-bottom: 10px !important;}\u00a0\u00bb] D\u00e9partement des Infrastructures Une fois la proc\u00e9dure d&rsquo;enregistrement est termin\u00e9e, nos\u2026<\/p>\n<\/div>\n\t\n<\/div><\/article><\/div><\/div><!-- iso-container|iso-grid --><\/div>[\/vc_column][\/vc_row]<\/p>\n","protected":false},"excerpt":{"rendered":"<p>[vc_row][vc_column][\/vc_column][\/vc_row]<\/p>\n","protected":false},"author":1,"featured_media":0,"parent":0,"menu_order":0,"comment_status":"closed","ping_status":"closed","template":"","meta":[],"aioseo_notices":[],"_links":{"self":[{"href":"https:\/\/bahardental.com\/fr\/wp-json\/wp\/v2\/pages\/3181"}],"collection":[{"href":"https:\/\/bahardental.com\/fr\/wp-json\/wp\/v2\/pages"}],"about":[{"href":"https:\/\/bahardental.com\/fr\/wp-json\/wp\/v2\/types\/page"}],"author":[{"embeddable":true,"href":"https:\/\/bahardental.com\/fr\/wp-json\/wp\/v2\/users\/1"}],"replies":[{"embeddable":true,"href":"https:\/\/bahardental.com\/fr\/wp-json\/wp\/v2\/comments?post=3181"}],"version-history":[{"count":0,"href":"https:\/\/bahardental.com\/fr\/wp-json\/wp\/v2\/pages\/3181\/revisions"}],"wp:attachment":[{"href":"https:\/\/bahardental.com\/fr\/wp-json\/wp\/v2\/media?parent=3181"}],"curies":[{"name":"wp","href":"https:\/\/api.w.org\/{rel}","templated":true}]}}