{"id":2990,"date":"2019-10-19T14:08:01","date_gmt":"2019-10-19T11:08:01","guid":{"rendered":"https:\/\/bahardental.com.tr\/iletisim\/"},"modified":"2024-06-18T14:19:12","modified_gmt":"2024-06-18T11:19:12","slug":"contacto","status":"publish","type":"page","link":"https:\/\/bahardental.com\/es\/contacto\/","title":{"rendered":"Contacto"},"content":{"rendered":"<p>[vc_row][vc_column][vc_column_text]<i class=\"fa icon-location\"><\/i>Be\u015fyol Mah, Fabrikalar Cd. No:1, 34295 K\u00fc\u00e7\u00fck\u00e7ekmece\/\u0130stanbul (Ortado\u011fu Gazetesi Giri\u015f Kat)<br \/>\n<i class=\"fa icon-phone\"><\/i>+90 212 428 36 10<br \/>\n<i class=\"fa icon-print\"><\/i>+90 212 428 36 11<br \/>\n<a style=\"color: inherit; text-decoration: none;\" href=\"https:\/\/api.whatsapp.com\/send?phone=905323241121\" target=\"_blank\" rel=\"noopener noreferrer\"><i class=\"fa icon-chat-2\"><\/i>+90 532 324 11 21 (WhatsApp)<\/a><br \/>\n<i class=\"fa icon-mail\"><\/i>info@bahardental.com<br \/>\n<i class=\"fa icon-globe\"><\/i><a href=\"https:\/\/bahardental.com\/\">https:\/\/bahardental.com\/<\/a>[\/vc_column_text][vc_gmaps link=\u00bb#E-8_JTNDaWZyYW1lJTIwc3JjJTNEJTIyaHR0cHMlM0ElMkYlMkZ3d3cuZ29vZ2xlLmNvbSUyRm1hcHMlMkZlbWJlZCUzRnBiJTNEJTIxMW0xOCUyMTFtMTIlMjExbTMlMjExZDM1ODEuMzU4NDk2OTQ1NTAyJTIxMmQyOC43OTU5Nzc3NDM4MjQ3NTQlMjEzZDQwLjk5MTMwMjk5Njk2OTY4JTIxMm0zJTIxMWYwJTIxMmYwJTIxM2YwJTIxM20yJTIxMWkxMDI0JTIxMmk3NjglMjE0ZjEzLjElMjEzbTMlMjExbTIlMjExczB4MTRjYWEzOTZlNDI0MzQwMyUyNTNBMHg0OTVlOGUxYjRkNmFiZDBkJTIxMnpRbVhGbjNsdmJDd2dSbUZpY21scllXeGhjaUJEWkM0Z1RtODZNU3dnTXpReU9UVWdTOE84dzZmRHZHdkRwMlZyYldWalpTX0VzSE4wWVc1aWRXdyUyMTVlMCUyMTNtMiUyMTFzZW4lMjEyc3RyJTIxNHYxNTcxNDg4MDc0NDcwJTIxNW0yJTIxMXNlbiUyMTJzdHIlMjIlMjB3aWR0aCUzRCUyMjYwMCUyMiUyMGhlaWdodCUzRCUyMjQ1MCUyMiUyMGZyYW1lYm9yZGVyJTNEJTIyMCUyMiUyMHN0eWxlJTNEJTIyYm9yZGVyJTNBMCUzQiUyMiUyMGFsbG93ZnVsbHNjcmVlbiUzRCUyMiUyMiUzRSUzQyUyRmlmcmFtZSUzRQ==\u00bb size=\u00bb300&#8243;][\/vc_column][\/vc_row]<\/p>\n","protected":false},"excerpt":{"rendered":"<p>[vc_row][vc_column][vc_column_text]Be\u015fyol Mah, Fabrikalar Cd. No:1, 34295 K\u00fc\u00e7\u00fck\u00e7ekmece\/\u0130stanbul (Ortado\u011fu Gazetesi Giri\u015f Kat) +90 212 428 36 10 +90 212 428 36 11 +90 532 324 11 21 (WhatsApp) info@bahardental.com https:\/\/bahardental.com\/[\/vc_column_text][vc_gmaps link=\u00bb#E-8_JTNDaWZyYW1lJTIwc3JjJTNEJTIyaHR0cHMlM0ElMkYlMkZ3d3cuZ29vZ2xlLmNvbSUyRm1hcHMlMkZlbWJlZCUzRnBiJTNEJTIxMW0xOCUyMTFtMTIlMjExbTMlMjExZDM1ODEuMzU4NDk2OTQ1NTAyJTIxMmQyOC43OTU5Nzc3NDM4MjQ3NTQlMjEzZDQwLjk5MTMwMjk5Njk2OTY4JTIxMm0zJTIxMWYwJTIxMmYwJTIxM2YwJTIxM20yJTIxMWkxMDI0JTIxMmk3NjglMjE0ZjEzLjElMjEzbTMlMjExbTIlMjExczB4MTRjYWEzOTZlNDI0MzQwMyUyNTNBMHg0OTVlOGUxYjRkNmFiZDBkJTIxMnpRbVhGbjNsdmJDd2dSbUZpY21scllXeGhjaUJEWkM0Z1RtODZNU3dnTXpReU9UVWdTOE84dzZmRHZHdkRwMlZyYldWalpTX0VzSE4wWVc1aWRXdyUyMTVlMCUyMTNtMiUyMTFzZW4lMjEyc3RyJTIxNHYxNTcxNDg4MDc0NDcwJTIxNW0yJTIxMXNlbiUyMTJzdHIlMjIlMjB3aWR0aCUzRCUyMjYwMCUyMiUyMGhlaWdodCUzRCUyMjQ1MCUyMiUyMGZyYW1lYm9yZGVyJTNEJTIyMCUyMiUyMHN0eWxlJTNEJTIyYm9yZGVyJTNBMCUzQiUyMiUyMGFsbG93ZnVsbHNjcmVlbiUzRCUyMiUyMiUzRSUzQyUyRmlmcmFtZSUzRQ==\u00bb size=\u00bb300&#8243;][\/vc_column][\/vc_row]<\/p>\n","protected":false},"author":1,"featured_media":0,"parent":0,"menu_order":0,"comment_status":"closed","ping_status":"closed","template":"","meta":[],"aioseo_notices":[],"_links":{"self":[{"href":"https:\/\/bahardental.com\/es\/wp-json\/wp\/v2\/pages\/2990"}],"collection":[{"href":"https:\/\/bahardental.com\/es\/wp-json\/wp\/v2\/pages"}],"about":[{"href":"https:\/\/bahardental.com\/es\/wp-json\/wp\/v2\/types\/page"}],"author":[{"embeddable":true,"href":"https:\/\/bahardental.com\/es\/wp-json\/wp\/v2\/users\/1"}],"replies":[{"embeddable":true,"href":"https:\/\/bahardental.com\/es\/wp-json\/wp\/v2\/comments?post=2990"}],"version-history":[{"count":0,"href":"https:\/\/bahardental.com\/es\/wp-json\/wp\/v2\/pages\/2990\/revisions"}],"wp:attachment":[{"href":"https:\/\/bahardental.com\/es\/wp-json\/wp\/v2\/media?parent=2990"}],"curies":[{"name":"wp","href":"https:\/\/api.w.org\/{rel}","templated":true}]}}